{"id":320,"date":"2021-01-12T16:50:45","date_gmt":"2021-01-12T09:50:45","guid":{"rendered":"https:\/\/dongtienvn.com.vn\/?page_id=320"},"modified":"2021-01-16T15:18:16","modified_gmt":"2021-01-16T08:18:16","slug":"projects","status":"publish","type":"page","link":"https:\/\/dongtienvn.com.vn\/en\/projects\/","title":{"rendered":"Projects"},"content":{"rendered":"<div class=\"fusion-fullwidth fullwidth-box fusion-builder-row-1 fusion-flex-container nonhundred-percent-fullwidth non-hundred-percent-height-scrolling\" style=\"background-color: rgba(255,255,255,0);background-position: center center;background-repeat: no-repeat;border-width: 0px 0px 0px 0px;border-color:#e2e2e2;border-style:solid;\" ><div class=\"fusion-builder-row fusion-row fusion-flex-align-items-flex-start\" style=\"max-width:1248px;margin-left: calc(-4% \/ 2 );margin-right: calc(-4% \/ 2 );\"><div class=\"fusion-layout-column fusion_builder_column fusion-builder-column-0 fusion_builder_column_1_1 1_1 fusion-flex-column\"><div class=\"fusion-column-wrapper fusion-flex-justify-content-flex-start fusion-content-layout-column\" style=\"background-position:left top;background-repeat:no-repeat;-webkit-background-size:cover;-moz-background-size:cover;-o-background-size:cover;background-size:cover;padding: 0px 0px 0px 0px;\"><style type=\"text\/css\">.fusion-portfolio-wrapper#fusion-portfolio-1 .fusion-portfolio-content{  text-align: left; }<\/style><div class=\"fusion-recent-works fusion-portfolio-element fusion-portfolio fusion-portfolio-1 fusion-portfolio-grid fusion-portfolio-paging-pagination fusion-portfolio-three fusion-portfolio-unboxed fusion-portfolio-text fusion-portfolio-rollover\" data-id=\"-rw-1\" data-columns=\"three\"><div role=\"menubar\"><ul class=\"fusion-filters\" role=\"menu\" aria-label=\"filters\"><li role=\"menuitem\" class=\"fusion-filter fusion-hidden fusion-active\"><a href=\"#\" data-filter=\".completed\">Completed<\/a><\/li><li role=\"menuitem\" class=\"fusion-filter fusion-hidden\"><a href=\"#\" data-filter=\".projects\">Projects<\/a><\/li><\/ul><\/div><style type=\"text\/css\">.fusion-portfolio-1 .fusion-portfolio-wrapper .fusion-col-spacing{padding:15px;}<\/style><div class=\"fusion-portfolio-wrapper\" id=\"fusion-portfolio-1\" data-picturesize=\"auto\" data-pages=\"1\" style=\"margin:-15px;\"><article id=\"portfolio-1-post-329\" class=\"fusion-portfolio-post projects completed fusion-col-spacing post-329\"><div class=\"fusion-portfolio-content-wrapper\" style=\"border:none;\"><span class=\"vcard rich-snippet-hidden\"><span class=\"fn\"><a href=\"https:\/\/dongtienvn.com.vn\/en\/author\/support\/\" title=\"Posts by W360s Support\" rel=\"author\">W360s Support<\/a><\/span><\/span><span class=\"updated rich-snippet-hidden\">2021-01-13T13:59:46+07:00<\/span><div  class=\"fusion-image-wrapper\" aria-haspopup=\"true\">\n\t\t\t\t<img width=\"960\" height=\"1280\" src=\"https:\/\/dongtienvn.com.vn\/wp-content\/uploads\/2023\/12\/Hinh-Mobil.jpg\" class=\"attachment-full size-full wp-post-image\" alt=\"\" loading=\"lazy\" srcset=\"https:\/\/dongtienvn.com.vn\/wp-content\/uploads\/2023\/12\/Hinh-Mobil-200x267.jpg 200w, https:\/\/dongtienvn.com.vn\/wp-content\/uploads\/2023\/12\/Hinh-Mobil-400x533.jpg 400w, https:\/\/dongtienvn.com.vn\/wp-content\/uploads\/2023\/12\/Hinh-Mobil-600x800.jpg 600w, https:\/\/dongtienvn.com.vn\/wp-content\/uploads\/2023\/12\/Hinh-Mobil-800x1067.jpg 800w, https:\/\/dongtienvn.com.vn\/wp-content\/uploads\/2023\/12\/Hinh-Mobil.jpg 960w\" sizes=\"(min-width: 2200px) 100vw, (min-width: 784px) 380px, (min-width: 712px) 570px, (min-width: 640px) 712px, \" \/><div class=\"fusion-rollover\">\n\t<div class=\"fusion-rollover-content\">\n\n\t\t\t\t\t\t\t\t\t\t\t\t\t\t<a class=\"fusion-rollover-link\" href=\"https:\/\/dongtienvn.com.vn\/en\/portfolio-items\/nha-may-xu-ly-khi-dinh-co-va-kho-cang-pvgas-vung-tau\/\">Dinh Co Gas Processing Plant and PVGas Warehouse Vung Tau<\/a>\n\t\t\t\n\t\t\t\t\t\t\t\t\t\t\t\t\t\t\n\t\t\t\t\t\t\t\t\n\t\t\t\t\t\t\t\t\t\t\t\t\t<div class=\"fusion-rollover-sep\"><\/div>\n\t\t\t\t\n\t\t\t\t\t\t\t\t\t\t\t\t\t\t\t\t\t\t<a class=\"fusion-rollover-gallery\" href=\"https:\/\/dongtienvn.com.vn\/wp-content\/uploads\/2023\/12\/Hinh-Mobil.jpg\" data-id=\"329\" data-rel=\"iLightbox[gallery-rw-1]\" data-title=\"Hinh Mobil\" data-caption=\"\">\n\t\t\t\t\t\tGallery\t\t\t\t\t<\/a>\n\t\t\t\t\t\t\t\t\t\t\t\t\t\t\n\t\t\n\t\t\t\t\t\t\t\t\t\t\t\t<h4 class=\"fusion-rollover-title\">\n\t\t\t\t\t<a class=\"fusion-rollover-title-link\" href=\"https:\/\/dongtienvn.com.vn\/en\/portfolio-items\/nha-may-xu-ly-khi-dinh-co-va-kho-cang-pvgas-vung-tau\/\">\n\t\t\t\t\t\tDinh Co Gas Processing Plant and PVGas Warehouse Vung Tau\t\t\t\t\t<\/a>\n\t\t\t\t<\/h4>\n\t\t\t\n\t\t\t\t\t\t\t\t\t\t<div class=\"fusion-rollover-categories\"><a href=\"https:\/\/dongtienvn.com.vn\/en\/portfolio_category\/projects\/\" rel=\"tag\">Projects<\/a>, <a href=\"https:\/\/dongtienvn.com.vn\/en\/portfolio_category\/completed\/\" rel=\"tag\">Completed<\/a><\/div>\t\t\t\t\t\n\t\t\n\t\t\t\t\t\t<a class=\"fusion-link-wrapper\" href=\"https:\/\/dongtienvn.com.vn\/en\/portfolio-items\/nha-may-xu-ly-khi-dinh-co-va-kho-cang-pvgas-vung-tau\/\" aria-label=\"Dinh Co Gas Processing Plant and PVGas Warehouse Vung Tau\"><\/a>\n\t<\/div>\n<\/div>\n<\/div>\n<div class=\"fusion-portfolio-content\"><h2 class=\"entry-title fusion-post-title\"><a href=\"https:\/\/dongtienvn.com.vn\/en\/portfolio-items\/nha-may-xu-ly-khi-dinh-co-va-kho-cang-pvgas-vung-tau\/\">Dinh Co Gas Processing Plant and PVGas Warehouse Vung Tau<\/a><\/h2><div class=\"fusion-portfolio-meta\"><a href=\"https:\/\/dongtienvn.com.vn\/en\/portfolio_category\/projects\/\" rel=\"tag\">Projects<\/a>, <a href=\"https:\/\/dongtienvn.com.vn\/en\/portfolio_category\/completed\/\" rel=\"tag\">Completed<\/a><\/div><div class=\"fusion-post-content\"><\/div><\/div><\/div><\/article><article id=\"portfolio-1-post-328\" class=\"fusion-portfolio-post projects completed fusion-col-spacing post-328\"><div class=\"fusion-portfolio-content-wrapper\" style=\"border:none;\"><span class=\"vcard rich-snippet-hidden\"><span class=\"fn\"><a href=\"https:\/\/dongtienvn.com.vn\/en\/author\/support\/\" title=\"Posts by W360s Support\" rel=\"author\">W360s Support<\/a><\/span><\/span><span class=\"updated rich-snippet-hidden\">2021-01-13T14:02:56+07:00<\/span><div  class=\"fusion-image-wrapper\" aria-haspopup=\"true\">\n\t\t\t\t<img width=\"800\" height=\"600\" src=\"https:\/\/dongtienvn.com.vn\/wp-content\/uploads\/2020\/12\/Nha-may-xu-ly-khi-Dinh-Co-nam-2018-1.jpg\" class=\"attachment-full size-full wp-post-image\" alt=\"\" loading=\"lazy\" srcset=\"https:\/\/dongtienvn.com.vn\/wp-content\/uploads\/2020\/12\/Nha-may-xu-ly-khi-Dinh-Co-nam-2018-1-200x150.jpg 200w, https:\/\/dongtienvn.com.vn\/wp-content\/uploads\/2020\/12\/Nha-may-xu-ly-khi-Dinh-Co-nam-2018-1-400x300.jpg 400w, https:\/\/dongtienvn.com.vn\/wp-content\/uploads\/2020\/12\/Nha-may-xu-ly-khi-Dinh-Co-nam-2018-1-600x450.jpg 600w, https:\/\/dongtienvn.com.vn\/wp-content\/uploads\/2020\/12\/Nha-may-xu-ly-khi-Dinh-Co-nam-2018-1.jpg 800w\" sizes=\"(min-width: 2200px) 100vw, (min-width: 784px) 380px, (min-width: 712px) 570px, (min-width: 640px) 712px, \" \/><div class=\"fusion-rollover\">\n\t<div class=\"fusion-rollover-content\">\n\n\t\t\t\t\t\t\t\t\t\t\t\t\t\t<a class=\"fusion-rollover-link\" href=\"https:\/\/dongtienvn.com.vn\/en\/portfolio-items\/tube-bundle-ket-nuoc-lam-mat-nha-may-xu-ly-khi-dinh-co-nam-2018\/\">Tube Bundle (Radiator cooling) &#8211; Dinh Co gas processing plant 2018<\/a>\n\t\t\t\n\t\t\t\t\t\t\t\t\t\t\t\t\t\t\n\t\t\t\t\t\t\t\t\n\t\t\t\t\t\t\t\t\t\t\t\t\t<div class=\"fusion-rollover-sep\"><\/div>\n\t\t\t\t\n\t\t\t\t\t\t\t\t\t\t\t\t\t\t\t\t\t\t<a class=\"fusion-rollover-gallery\" href=\"https:\/\/dongtienvn.com.vn\/wp-content\/uploads\/2020\/12\/Nha-may-xu-ly-khi-Dinh-Co-nam-2018-1.jpg\" data-id=\"328\" data-rel=\"iLightbox[gallery-rw-1]\" data-title=\"Nh\u00e0 m\u00e1y x\u1eed l\u00fd kh\u00ed Dinh C\u1ed1 n\u0103m 2018 1\" data-caption=\"\">\n\t\t\t\t\t\tGallery\t\t\t\t\t<\/a>\n\t\t\t\t\t\t\t\t\t\t\t\t\t\t\n\t\t\n\t\t\t\t\t\t\t\t\t\t\t\t<h4 class=\"fusion-rollover-title\">\n\t\t\t\t\t<a class=\"fusion-rollover-title-link\" href=\"https:\/\/dongtienvn.com.vn\/en\/portfolio-items\/tube-bundle-ket-nuoc-lam-mat-nha-may-xu-ly-khi-dinh-co-nam-2018\/\">\n\t\t\t\t\t\tTube Bundle (Radiator cooling) &#8211; Dinh Co gas processing plant 2018\t\t\t\t\t<\/a>\n\t\t\t\t<\/h4>\n\t\t\t\n\t\t\t\t\t\t\t\t\t\t<div class=\"fusion-rollover-categories\"><a href=\"https:\/\/dongtienvn.com.vn\/en\/portfolio_category\/projects\/\" rel=\"tag\">Projects<\/a>, <a href=\"https:\/\/dongtienvn.com.vn\/en\/portfolio_category\/completed\/\" rel=\"tag\">Completed<\/a><\/div>\t\t\t\t\t\n\t\t\n\t\t\t\t\t\t<a class=\"fusion-link-wrapper\" href=\"https:\/\/dongtienvn.com.vn\/en\/portfolio-items\/tube-bundle-ket-nuoc-lam-mat-nha-may-xu-ly-khi-dinh-co-nam-2018\/\" aria-label=\"Tube Bundle (Radiator cooling) &#8211; Dinh Co gas processing plant 2018\"><\/a>\n\t<\/div>\n<\/div>\n<\/div>\n<div class=\"fusion-portfolio-content\"><h2 class=\"entry-title fusion-post-title\"><a href=\"https:\/\/dongtienvn.com.vn\/en\/portfolio-items\/tube-bundle-ket-nuoc-lam-mat-nha-may-xu-ly-khi-dinh-co-nam-2018\/\">Tube Bundle (Radiator cooling) &#8211; Dinh Co gas processing plant 2018<\/a><\/h2><div class=\"fusion-portfolio-meta\"><a href=\"https:\/\/dongtienvn.com.vn\/en\/portfolio_category\/projects\/\" rel=\"tag\">Projects<\/a>, <a href=\"https:\/\/dongtienvn.com.vn\/en\/portfolio_category\/completed\/\" rel=\"tag\">Completed<\/a><\/div><div class=\"fusion-post-content\"><\/div><\/div><\/div><\/article><article id=\"portfolio-1-post-327\" class=\"fusion-portfolio-post projects completed fusion-col-spacing post-327\"><div class=\"fusion-portfolio-content-wrapper\" style=\"border:none;\"><span class=\"vcard rich-snippet-hidden\"><span class=\"fn\"><a href=\"https:\/\/dongtienvn.com.vn\/en\/author\/support\/\" title=\"Posts by W360s Support\" rel=\"author\">W360s Support<\/a><\/span><\/span><span class=\"updated rich-snippet-hidden\">2021-01-13T14:04:30+07:00<\/span><div  class=\"fusion-image-wrapper\" aria-haspopup=\"true\">\n\t\t\t\t<img width=\"800\" height=\"600\" src=\"https:\/\/dongtienvn.com.vn\/wp-content\/uploads\/2020\/12\/Cung-cap-loc-Peco-Kho-cang-PVGas-2.jpg\" class=\"attachment-full size-full wp-post-image\" alt=\"\" loading=\"lazy\" srcset=\"https:\/\/dongtienvn.com.vn\/wp-content\/uploads\/2020\/12\/Cung-cap-loc-Peco-Kho-cang-PVGas-2-200x150.jpg 200w, https:\/\/dongtienvn.com.vn\/wp-content\/uploads\/2020\/12\/Cung-cap-loc-Peco-Kho-cang-PVGas-2-400x300.jpg 400w, https:\/\/dongtienvn.com.vn\/wp-content\/uploads\/2020\/12\/Cung-cap-loc-Peco-Kho-cang-PVGas-2-600x450.jpg 600w, https:\/\/dongtienvn.com.vn\/wp-content\/uploads\/2020\/12\/Cung-cap-loc-Peco-Kho-cang-PVGas-2.jpg 800w\" sizes=\"(min-width: 2200px) 100vw, (min-width: 784px) 380px, (min-width: 712px) 570px, (min-width: 640px) 712px, \" \/><div class=\"fusion-rollover\">\n\t<div class=\"fusion-rollover-content\">\n\n\t\t\t\t\t\t\t\t\t\t\t\t\t\t<a class=\"fusion-rollover-link\" href=\"https:\/\/dongtienvn.com.vn\/en\/portfolio-items\/peco-filter-supply-pvgas-port-warehouse-vung-tau-2018-2019\/\">Peco filter supply, PVGas port warehouse Vung Tau 2018-2019<\/a>\n\t\t\t\n\t\t\t\t\t\t\t\t\t\t\t\t\t\t\n\t\t\t\t\t\t\t\t\n\t\t\t\t\t\t\t\t\t\t\t\t\t<div class=\"fusion-rollover-sep\"><\/div>\n\t\t\t\t\n\t\t\t\t\t\t\t\t\t\t\t\t\t\t\t\t\t\t<a class=\"fusion-rollover-gallery\" href=\"https:\/\/dongtienvn.com.vn\/wp-content\/uploads\/2020\/12\/Cung-cap-loc-Peco-Kho-cang-PVGas-2.jpg\" data-id=\"327\" data-rel=\"iLightbox[gallery-rw-1]\" data-title=\"Cung c\u1ea5p l\u1ecdc Peco Kho c\u1ea3ng PVGas (2)\" data-caption=\"\">\n\t\t\t\t\t\tGallery\t\t\t\t\t<\/a>\n\t\t\t\t\t\t\t\t\t\t\t\t\t\t\n\t\t\n\t\t\t\t\t\t\t\t\t\t\t\t<h4 class=\"fusion-rollover-title\">\n\t\t\t\t\t<a class=\"fusion-rollover-title-link\" href=\"https:\/\/dongtienvn.com.vn\/en\/portfolio-items\/peco-filter-supply-pvgas-port-warehouse-vung-tau-2018-2019\/\">\n\t\t\t\t\t\tPeco filter supply, PVGas port warehouse Vung Tau 2018-2019\t\t\t\t\t<\/a>\n\t\t\t\t<\/h4>\n\t\t\t\n\t\t\t\t\t\t\t\t\t\t<div class=\"fusion-rollover-categories\"><a href=\"https:\/\/dongtienvn.com.vn\/en\/portfolio_category\/projects\/\" rel=\"tag\">Projects<\/a>, <a href=\"https:\/\/dongtienvn.com.vn\/en\/portfolio_category\/completed\/\" rel=\"tag\">Completed<\/a><\/div>\t\t\t\t\t\n\t\t\n\t\t\t\t\t\t<a class=\"fusion-link-wrapper\" href=\"https:\/\/dongtienvn.com.vn\/en\/portfolio-items\/peco-filter-supply-pvgas-port-warehouse-vung-tau-2018-2019\/\" aria-label=\"Peco filter supply, PVGas port warehouse Vung Tau 2018-2019\"><\/a>\n\t<\/div>\n<\/div>\n<\/div>\n<div class=\"fusion-portfolio-content\"><h2 class=\"entry-title fusion-post-title\"><a href=\"https:\/\/dongtienvn.com.vn\/en\/portfolio-items\/peco-filter-supply-pvgas-port-warehouse-vung-tau-2018-2019\/\">Peco filter supply, PVGas port warehouse Vung Tau 2018-2019<\/a><\/h2><div class=\"fusion-portfolio-meta\"><a href=\"https:\/\/dongtienvn.com.vn\/en\/portfolio_category\/projects\/\" rel=\"tag\">Projects<\/a>, <a href=\"https:\/\/dongtienvn.com.vn\/en\/portfolio_category\/completed\/\" rel=\"tag\">Completed<\/a><\/div><div class=\"fusion-post-content\"><\/div><\/div><\/div><\/article><article id=\"portfolio-1-post-326\" class=\"fusion-portfolio-post projects completed fusion-col-spacing post-326\"><div class=\"fusion-portfolio-content-wrapper\" style=\"border:none;\"><span class=\"vcard rich-snippet-hidden\"><span class=\"fn\"><a href=\"https:\/\/dongtienvn.com.vn\/en\/author\/support\/\" title=\"Posts by W360s Support\" rel=\"author\">W360s Support<\/a><\/span><\/span><span class=\"updated rich-snippet-hidden\">2021-01-13T14:11:25+07:00<\/span><div  class=\"fusion-image-wrapper\" aria-haspopup=\"true\">\n\t\t\t\t<img width=\"800\" height=\"600\" src=\"https:\/\/dongtienvn.com.vn\/wp-content\/uploads\/2020\/12\/Cung-cap-may-nen-khi-may-say-khi-cua-hang-Atlas-Copco-du-an-PVGAS-Service-1.jpg\" class=\"attachment-full size-full wp-post-image\" alt=\"\" loading=\"lazy\" srcset=\"https:\/\/dongtienvn.com.vn\/wp-content\/uploads\/2020\/12\/Cung-cap-may-nen-khi-may-say-khi-cua-hang-Atlas-Copco-du-an-PVGAS-Service-1-200x150.jpg 200w, https:\/\/dongtienvn.com.vn\/wp-content\/uploads\/2020\/12\/Cung-cap-may-nen-khi-may-say-khi-cua-hang-Atlas-Copco-du-an-PVGAS-Service-1-400x300.jpg 400w, https:\/\/dongtienvn.com.vn\/wp-content\/uploads\/2020\/12\/Cung-cap-may-nen-khi-may-say-khi-cua-hang-Atlas-Copco-du-an-PVGAS-Service-1-600x450.jpg 600w, https:\/\/dongtienvn.com.vn\/wp-content\/uploads\/2020\/12\/Cung-cap-may-nen-khi-may-say-khi-cua-hang-Atlas-Copco-du-an-PVGAS-Service-1.jpg 800w\" sizes=\"(min-width: 2200px) 100vw, (min-width: 784px) 380px, (min-width: 712px) 570px, (min-width: 640px) 712px, \" \/><div class=\"fusion-rollover\">\n\t<div class=\"fusion-rollover-content\">\n\n\t\t\t\t\t\t\t\t\t\t\t\t\t\t<a class=\"fusion-rollover-link\" href=\"https:\/\/dongtienvn.com.vn\/en\/portfolio-items\/supplying-air-compressors-and-dryers-of-atlas-copco-firms\/\">Supplying air compressors and dryers of Atlas Copco firms<\/a>\n\t\t\t\n\t\t\t\t\t\t\t\t\t\t\t\t\t\t\n\t\t\t\t\t\t\t\t\n\t\t\t\t\t\t\t\t\t\t\t\t\t<div class=\"fusion-rollover-sep\"><\/div>\n\t\t\t\t\n\t\t\t\t\t\t\t\t\t\t\t\t\t\t\t\t\t\t<a class=\"fusion-rollover-gallery\" href=\"https:\/\/dongtienvn.com.vn\/wp-content\/uploads\/2020\/12\/Cung-cap-may-nen-khi-may-say-khi-cua-hang-Atlas-Copco-du-an-PVGAS-Service-1.jpg\" data-id=\"326\" data-rel=\"iLightbox[gallery-rw-1]\" data-title=\"Cung c\u1ea5p m\u00e1y n\u00e9n kh\u00ed, m\u00e1y s\u1ea5y kh\u00ed c\u1ee7a h\u00e3ng Atlas Copco, d\u1ef1 \u00e1n PVGAS Service (1)\" data-caption=\"\">\n\t\t\t\t\t\tGallery\t\t\t\t\t<\/a>\n\t\t\t\t\t\t\t\t\t\t\t\t\t\t\n\t\t\n\t\t\t\t\t\t\t\t\t\t\t\t<h4 class=\"fusion-rollover-title\">\n\t\t\t\t\t<a class=\"fusion-rollover-title-link\" href=\"https:\/\/dongtienvn.com.vn\/en\/portfolio-items\/supplying-air-compressors-and-dryers-of-atlas-copco-firms\/\">\n\t\t\t\t\t\tSupplying air compressors and dryers of Atlas Copco firms\t\t\t\t\t<\/a>\n\t\t\t\t<\/h4>\n\t\t\t\n\t\t\t\t\t\t\t\t\t\t<div class=\"fusion-rollover-categories\"><a href=\"https:\/\/dongtienvn.com.vn\/en\/portfolio_category\/projects\/\" rel=\"tag\">Projects<\/a>, <a href=\"https:\/\/dongtienvn.com.vn\/en\/portfolio_category\/completed\/\" rel=\"tag\">Completed<\/a><\/div>\t\t\t\t\t\n\t\t\n\t\t\t\t\t\t<a class=\"fusion-link-wrapper\" href=\"https:\/\/dongtienvn.com.vn\/en\/portfolio-items\/supplying-air-compressors-and-dryers-of-atlas-copco-firms\/\" aria-label=\"Supplying air compressors and dryers of Atlas Copco firms\"><\/a>\n\t<\/div>\n<\/div>\n<\/div>\n<div class=\"fusion-portfolio-content\"><h2 class=\"entry-title fusion-post-title\"><a href=\"https:\/\/dongtienvn.com.vn\/en\/portfolio-items\/supplying-air-compressors-and-dryers-of-atlas-copco-firms\/\">Supplying air compressors and dryers of Atlas Copco firms<\/a><\/h2><div class=\"fusion-portfolio-meta\"><a href=\"https:\/\/dongtienvn.com.vn\/en\/portfolio_category\/projects\/\" rel=\"tag\">Projects<\/a>, <a href=\"https:\/\/dongtienvn.com.vn\/en\/portfolio_category\/completed\/\" rel=\"tag\">Completed<\/a><\/div><div class=\"fusion-post-content\"><\/div><\/div><\/div><\/article><article id=\"portfolio-1-post-323\" class=\"fusion-portfolio-post projects completed fusion-col-spacing post-323\"><div class=\"fusion-portfolio-content-wrapper\" style=\"border:none;\"><span class=\"vcard rich-snippet-hidden\"><span class=\"fn\"><a href=\"https:\/\/dongtienvn.com.vn\/en\/author\/support\/\" title=\"Posts by W360s Support\" rel=\"author\">W360s Support<\/a><\/span><\/span><span class=\"updated rich-snippet-hidden\">2021-01-13T14:11:32+07:00<\/span><div  class=\"fusion-image-wrapper\" aria-haspopup=\"true\">\n\t\t\t\t<img width=\"800\" height=\"600\" src=\"https:\/\/dongtienvn.com.vn\/wp-content\/uploads\/2020\/12\/Cung-cap-Royal-Purple-Barrier-Fluid-FDA-cho-PVGAS-SE-nam-2018-2020-2.jpg\" class=\"attachment-full size-full wp-post-image\" alt=\"\" loading=\"lazy\" srcset=\"https:\/\/dongtienvn.com.vn\/wp-content\/uploads\/2020\/12\/Cung-cap-Royal-Purple-Barrier-Fluid-FDA-cho-PVGAS-SE-nam-2018-2020-2-200x150.jpg 200w, https:\/\/dongtienvn.com.vn\/wp-content\/uploads\/2020\/12\/Cung-cap-Royal-Purple-Barrier-Fluid-FDA-cho-PVGAS-SE-nam-2018-2020-2-400x300.jpg 400w, https:\/\/dongtienvn.com.vn\/wp-content\/uploads\/2020\/12\/Cung-cap-Royal-Purple-Barrier-Fluid-FDA-cho-PVGAS-SE-nam-2018-2020-2-600x450.jpg 600w, https:\/\/dongtienvn.com.vn\/wp-content\/uploads\/2020\/12\/Cung-cap-Royal-Purple-Barrier-Fluid-FDA-cho-PVGAS-SE-nam-2018-2020-2.jpg 800w\" sizes=\"(min-width: 2200px) 100vw, (min-width: 784px) 380px, (min-width: 712px) 570px, (min-width: 640px) 712px, \" \/><div class=\"fusion-rollover\">\n\t<div class=\"fusion-rollover-content\">\n\n\t\t\t\t\t\t\t\t\t\t\t\t\t\t<a class=\"fusion-rollover-link\" href=\"https:\/\/dongtienvn.com.vn\/en\/portfolio-items\/supplying-royal-purple-barrier-fluid-fda-to-pvgas-se-2018-2020\/\">Supplying Royal Purple Barrier Fluid FDA to PVGAS SE 2018-2020<\/a>\n\t\t\t\n\t\t\t\t\t\t\t\t\t\t\t\t\t\t\n\t\t\t\t\t\t\t\t\n\t\t\t\t\t\t\t\t\t\t\t\t\t<div class=\"fusion-rollover-sep\"><\/div>\n\t\t\t\t\n\t\t\t\t\t\t\t\t\t\t\t\t\t\t\t\t\t\t<a class=\"fusion-rollover-gallery\" href=\"https:\/\/dongtienvn.com.vn\/wp-content\/uploads\/2020\/12\/Cung-cap-Royal-Purple-Barrier-Fluid-FDA-cho-PVGAS-SE-nam-2018-2020-2.jpg\" data-id=\"323\" data-rel=\"iLightbox[gallery-rw-1]\" data-title=\"Cung-c\u1ea5p-Royal-Purple-Barrier-Fluid-FDA-cho-PVGAS-SE-n\u0103m-2018-2020-2\" data-caption=\"\">\n\t\t\t\t\t\tGallery\t\t\t\t\t<\/a>\n\t\t\t\t\t\t\t\t\t\t\t\t\t\t\n\t\t\n\t\t\t\t\t\t\t\t\t\t\t\t<h4 class=\"fusion-rollover-title\">\n\t\t\t\t\t<a class=\"fusion-rollover-title-link\" href=\"https:\/\/dongtienvn.com.vn\/en\/portfolio-items\/supplying-royal-purple-barrier-fluid-fda-to-pvgas-se-2018-2020\/\">\n\t\t\t\t\t\tSupplying Royal Purple Barrier Fluid FDA to PVGAS SE 2018-2020\t\t\t\t\t<\/a>\n\t\t\t\t<\/h4>\n\t\t\t\n\t\t\t\t\t\t\t\t\t\t<div class=\"fusion-rollover-categories\"><a href=\"https:\/\/dongtienvn.com.vn\/en\/portfolio_category\/projects\/\" rel=\"tag\">Projects<\/a>, <a href=\"https:\/\/dongtienvn.com.vn\/en\/portfolio_category\/completed\/\" rel=\"tag\">Completed<\/a><\/div>\t\t\t\t\t\n\t\t\n\t\t\t\t\t\t<a class=\"fusion-link-wrapper\" href=\"https:\/\/dongtienvn.com.vn\/en\/portfolio-items\/supplying-royal-purple-barrier-fluid-fda-to-pvgas-se-2018-2020\/\" aria-label=\"Supplying Royal Purple Barrier Fluid FDA to PVGAS SE 2018-2020\"><\/a>\n\t<\/div>\n<\/div>\n<\/div>\n<div class=\"fusion-portfolio-content\"><h2 class=\"entry-title fusion-post-title\"><a href=\"https:\/\/dongtienvn.com.vn\/en\/portfolio-items\/supplying-royal-purple-barrier-fluid-fda-to-pvgas-se-2018-2020\/\">Supplying Royal Purple Barrier Fluid FDA to PVGAS SE 2018-2020<\/a><\/h2><div class=\"fusion-portfolio-meta\"><a href=\"https:\/\/dongtienvn.com.vn\/en\/portfolio_category\/projects\/\" rel=\"tag\">Projects<\/a>, <a href=\"https:\/\/dongtienvn.com.vn\/en\/portfolio_category\/completed\/\" rel=\"tag\">Completed<\/a><\/div><div class=\"fusion-post-content\"><\/div><\/div><\/div><\/article><\/div><\/div><\/div><style type=\"text\/css\">.fusion-body .fusion-builder-column-0{width:100% !important;margin-top : 0px;margin-bottom : 20px;}.fusion-builder-column-0 > .fusion-column-wrapper {padding-top : 0px !important;padding-right : 0px !important;margin-right : 1.92%;padding-bottom : 0px !important;padding-left : 0px !important;margin-left : 1.92%;}@media only screen and (max-width:1024px) {.fusion-body .fusion-builder-column-0{width:100% !important;order : 0;}.fusion-builder-column-0 > .fusion-column-wrapper {margin-right : 1.92%;margin-left : 1.92%;}}@media only screen and (max-width:640px) {.fusion-body .fusion-builder-column-0{width:100% !important;order : 0;}.fusion-builder-column-0 > .fusion-column-wrapper {margin-right : 1.92%;margin-left : 1.92%;}}<\/style><\/div><\/div><style type=\"text\/css\">.fusion-body .fusion-flex-container.fusion-builder-row-1{ padding-top : 0px;margin-top : 0px;padding-right : 0px;padding-bottom : 0px;margin-bottom : 0px;padding-left : 0px;}<\/style><\/div>\n","protected":false},"excerpt":{"rendered":"","protected":false},"author":2,"featured_media":0,"parent":0,"menu_order":0,"comment_status":"closed","ping_status":"closed","template":"","meta":[],"_links":{"self":[{"href":"https:\/\/dongtienvn.com.vn\/en\/wp-json\/wp\/v2\/pages\/320"}],"collection":[{"href":"https:\/\/dongtienvn.com.vn\/en\/wp-json\/wp\/v2\/pages"}],"about":[{"href":"https:\/\/dongtienvn.com.vn\/en\/wp-json\/wp\/v2\/types\/page"}],"author":[{"embeddable":true,"href":"https:\/\/dongtienvn.com.vn\/en\/wp-json\/wp\/v2\/users\/2"}],"replies":[{"embeddable":true,"href":"https:\/\/dongtienvn.com.vn\/en\/wp-json\/wp\/v2\/comments?post=320"}],"version-history":[{"count":5,"href":"https:\/\/dongtienvn.com.vn\/en\/wp-json\/wp\/v2\/pages\/320\/revisions"}],"predecessor-version":[{"id":410,"href":"https:\/\/dongtienvn.com.vn\/en\/wp-json\/wp\/v2\/pages\/320\/revisions\/410"}],"wp:attachment":[{"href":"https:\/\/dongtienvn.com.vn\/en\/wp-json\/wp\/v2\/media?parent=320"}],"curies":[{"name":"wp","href":"https:\/\/api.w.org\/{rel}","templated":true}]}}